{"id":18034,"date":"2026-03-05T10:41:27","date_gmt":"2026-03-05T09:41:27","guid":{"rendered":"https:\/\/www.artorient.it\/shop\/?post_type=product&#038;p=18034"},"modified":"2026-03-05T10:41:27","modified_gmt":"2026-03-05T09:41:27","slug":"qum_466594_120x80cm","status":"publish","type":"product","link":"https:\/\/www.artorient.it\/shop\/prodotto\/qum_466594_120x80cm\/","title":{"rendered":"Qum_466594_120x80cm"},"content":{"rendered":"<p>&nbsp;<\/p>\n<p>I tappeti di Qum presentano una manifattura perfetta.<\/p>\n<p>Sono annodati nella citt\u00e0 santa di Qum, nel centro della Persia.<\/p>\n<p>La lana usata \u00e8 la cosiddetta lana Kork, che si trova intorno alla zona del collo della pecora.<\/p>\n<p>Questa lana \u00e8 ideale per produrre un filato molto sottile, che consente di realizzare tappeti raffinati con alta densit\u00e0 di nodi, e dettagli ricchi e ben definiti.<\/p>\n<p>&nbsp;<\/p>\n<p>SOLO 1 DISPONIBILE<\/p>\n<p>&nbsp;<\/p>\n<p>TECNICA: ANNODATO A MANO<\/p>\n<p>PROVENIENZA: IRAN\/PERSIA<\/p>\n<p>VELLO: LANA<\/p>\n<p>ORDITO: COTONE<\/p>\n<p>SPEDIZIONE GRATUITA<\/p>\n","protected":false},"excerpt":{"rendered":"<p>&nbsp; I tappeti di Qum presentano una manifattura perfetta. Sono annodati nella citt\u00e0 santa di Qum, nel centro della Persia. La lana usata \u00e8 la cosiddetta lana Kork, che si trova intorno alla zona del collo della pecora. Questa lana \u00e8 ideale per produrre un filato molto sottile, che consente di realizzare tappeti raffinati con [&hellip;]<\/p>\n","protected":false},"featured_media":18035,"comment_status":"closed","ping_status":"closed","template":"","meta":{"_acf_changed":false},"product_brand":[],"product_cat":[319],"product_tag":[],"class_list":{"0":"post-18034","1":"product","2":"type-product","3":"status-publish","4":"has-post-thumbnail","6":"product_cat-classico","8":"first","9":"instock","10":"sale","11":"taxable","12":"shipping-taxable","13":"purchasable","14":"product-type-simple"},"acf":[],"yoast_head":"<!-- This site is optimized with the Yoast SEO plugin v27.4 - https:\/\/yoast.com\/product\/yoast-seo-wordpress\/ -->\n<title>Qum_466594_120x80cm - Artorient Shop<\/title>\n<meta name=\"robots\" content=\"index, follow, max-snippet:-1, max-image-preview:large, max-video-preview:-1\" \/>\n<link rel=\"canonical\" href=\"https:\/\/www.artorient.it\/shop\/prodotto\/qum_466594_120x80cm\/\" \/>\n<meta property=\"og:locale\" content=\"it_IT\" \/>\n<meta property=\"og:type\" content=\"article\" \/>\n<meta property=\"og:title\" content=\"Qum_466594_120x80cm - Artorient Shop\" \/>\n<meta property=\"og:description\" content=\"&nbsp; I tappeti di Qum presentano una manifattura perfetta. Sono annodati nella citt\u00e0 santa di Qum, nel centro della Persia. La lana usata \u00e8 la cosiddetta lana Kork, che si trova intorno alla zona del collo della pecora. Questa lana \u00e8 ideale per produrre un filato molto sottile, che consente di realizzare tappeti raffinati con [&hellip;]\" \/>\n<meta property=\"og:url\" content=\"https:\/\/www.artorient.it\/shop\/prodotto\/qum_466594_120x80cm\/\" \/>\n<meta property=\"og:site_name\" content=\"Artorient Shop\" \/>\n<meta property=\"article:publisher\" content=\"https:\/\/www.facebook.com\/tappetiartorient\/\" \/>\n<meta property=\"og:image\" content=\"https:\/\/www.artorient.it\/shop\/wp-content\/uploads\/2026\/03\/Qum_466594_120x80cm_1.jpg\" \/>\n\t<meta property=\"og:image:width\" content=\"1103\" \/>\n\t<meta property=\"og:image:height\" content=\"1772\" \/>\n\t<meta property=\"og:image:type\" content=\"image\/jpeg\" \/>\n<meta name=\"twitter:card\" content=\"summary_large_image\" \/>\n<script type=\"application\/ld+json\" class=\"yoast-schema-graph\">{\"@context\":\"https:\\\/\\\/schema.org\",\"@graph\":[{\"@type\":\"WebPage\",\"@id\":\"https:\\\/\\\/www.artorient.it\\\/shop\\\/prodotto\\\/qum_466594_120x80cm\\\/\",\"url\":\"https:\\\/\\\/www.artorient.it\\\/shop\\\/prodotto\\\/qum_466594_120x80cm\\\/\",\"name\":\"Qum_466594_120x80cm - Artorient Shop\",\"isPartOf\":{\"@id\":\"https:\\\/\\\/www.artorient.it\\\/shop\\\/#website\"},\"primaryImageOfPage\":{\"@id\":\"https:\\\/\\\/www.artorient.it\\\/shop\\\/prodotto\\\/qum_466594_120x80cm\\\/#primaryimage\"},\"image\":{\"@id\":\"https:\\\/\\\/www.artorient.it\\\/shop\\\/prodotto\\\/qum_466594_120x80cm\\\/#primaryimage\"},\"thumbnailUrl\":\"https:\\\/\\\/www.artorient.it\\\/shop\\\/wp-content\\\/uploads\\\/2026\\\/03\\\/Qum_466594_120x80cm_1.jpg\",\"datePublished\":\"2026-03-05T09:41:27+00:00\",\"breadcrumb\":{\"@id\":\"https:\\\/\\\/www.artorient.it\\\/shop\\\/prodotto\\\/qum_466594_120x80cm\\\/#breadcrumb\"},\"inLanguage\":\"it-IT\",\"potentialAction\":[{\"@type\":\"ReadAction\",\"target\":[\"https:\\\/\\\/www.artorient.it\\\/shop\\\/prodotto\\\/qum_466594_120x80cm\\\/\"]}]},{\"@type\":\"ImageObject\",\"inLanguage\":\"it-IT\",\"@id\":\"https:\\\/\\\/www.artorient.it\\\/shop\\\/prodotto\\\/qum_466594_120x80cm\\\/#primaryimage\",\"url\":\"https:\\\/\\\/www.artorient.it\\\/shop\\\/wp-content\\\/uploads\\\/2026\\\/03\\\/Qum_466594_120x80cm_1.jpg\",\"contentUrl\":\"https:\\\/\\\/www.artorient.it\\\/shop\\\/wp-content\\\/uploads\\\/2026\\\/03\\\/Qum_466594_120x80cm_1.jpg\",\"width\":1103,\"height\":1772},{\"@type\":\"BreadcrumbList\",\"@id\":\"https:\\\/\\\/www.artorient.it\\\/shop\\\/prodotto\\\/qum_466594_120x80cm\\\/#breadcrumb\",\"itemListElement\":[{\"@type\":\"ListItem\",\"position\":1,\"name\":\"Home\",\"item\":\"https:\\\/\\\/www.artorient.it\\\/shop\\\/\"},{\"@type\":\"ListItem\",\"position\":2,\"name\":\"Shop\",\"item\":\"https:\\\/\\\/www.artorient.it\\\/shop\\\/\"},{\"@type\":\"ListItem\",\"position\":3,\"name\":\"Qum_466594_120x80cm\"}]},{\"@type\":\"WebSite\",\"@id\":\"https:\\\/\\\/www.artorient.it\\\/shop\\\/#website\",\"url\":\"https:\\\/\\\/www.artorient.it\\\/shop\\\/\",\"name\":\"Artorient Shop\",\"description\":\"Artorient \u00e8 pi\u00f9 che l\u2019outlet del tappeto: ampio showroom di tappeti moderni, antichi e orientali, shop online e servizi di lavaggio, restauro e noleggio&quot;\",\"publisher\":{\"@id\":\"https:\\\/\\\/www.artorient.it\\\/shop\\\/#organization\"},\"alternateName\":\"Artorient\",\"potentialAction\":[{\"@type\":\"SearchAction\",\"target\":{\"@type\":\"EntryPoint\",\"urlTemplate\":\"https:\\\/\\\/www.artorient.it\\\/shop\\\/?s={search_term_string}\"},\"query-input\":{\"@type\":\"PropertyValueSpecification\",\"valueRequired\":true,\"valueName\":\"search_term_string\"}}],\"inLanguage\":\"it-IT\"},{\"@type\":\"Organization\",\"@id\":\"https:\\\/\\\/www.artorient.it\\\/shop\\\/#organization\",\"name\":\"Artorient Shop\",\"url\":\"https:\\\/\\\/www.artorient.it\\\/shop\\\/\",\"logo\":{\"@type\":\"ImageObject\",\"inLanguage\":\"it-IT\",\"@id\":\"https:\\\/\\\/www.artorient.it\\\/shop\\\/#\\\/schema\\\/logo\\\/image\\\/\",\"url\":\"https:\\\/\\\/www.artorient.it\\\/shop\\\/wp-content\\\/uploads\\\/2020\\\/02\\\/logo-1-qi04r5ookbwdz2gtrei4zirph0aurms5mz356ctgrc.png\",\"contentUrl\":\"https:\\\/\\\/www.artorient.it\\\/shop\\\/wp-content\\\/uploads\\\/2020\\\/02\\\/logo-1-qi04r5ookbwdz2gtrei4zirph0aurms5mz356ctgrc.png\",\"width\":160,\"height\":156,\"caption\":\"Artorient Shop\"},\"image\":{\"@id\":\"https:\\\/\\\/www.artorient.it\\\/shop\\\/#\\\/schema\\\/logo\\\/image\\\/\"},\"sameAs\":[\"https:\\\/\\\/www.facebook.com\\\/tappetiartorient\\\/\",\"https:\\\/\\\/www.instagram.com\\\/artorient.tappeti.outlet\\\/\",\"https:\\\/\\\/www.youtube.com\\\/@arazihome4986\"]}]}<\/script>\n<!-- \/ Yoast SEO plugin. -->","yoast_head_json":{"title":"Qum_466594_120x80cm - Artorient Shop","robots":{"index":"index","follow":"follow","max-snippet":"max-snippet:-1","max-image-preview":"max-image-preview:large","max-video-preview":"max-video-preview:-1"},"canonical":"https:\/\/www.artorient.it\/shop\/prodotto\/qum_466594_120x80cm\/","og_locale":"it_IT","og_type":"article","og_title":"Qum_466594_120x80cm - Artorient Shop","og_description":"&nbsp; I tappeti di Qum presentano una manifattura perfetta. Sono annodati nella citt\u00e0 santa di Qum, nel centro della Persia. La lana usata \u00e8 la cosiddetta lana Kork, che si trova intorno alla zona del collo della pecora. Questa lana \u00e8 ideale per produrre un filato molto sottile, che consente di realizzare tappeti raffinati con [&hellip;]","og_url":"https:\/\/www.artorient.it\/shop\/prodotto\/qum_466594_120x80cm\/","og_site_name":"Artorient Shop","article_publisher":"https:\/\/www.facebook.com\/tappetiartorient\/","og_image":[{"width":1103,"height":1772,"url":"https:\/\/www.artorient.it\/shop\/wp-content\/uploads\/2026\/03\/Qum_466594_120x80cm_1.jpg","type":"image\/jpeg"}],"twitter_card":"summary_large_image","schema":{"@context":"https:\/\/schema.org","@graph":[{"@type":"WebPage","@id":"https:\/\/www.artorient.it\/shop\/prodotto\/qum_466594_120x80cm\/","url":"https:\/\/www.artorient.it\/shop\/prodotto\/qum_466594_120x80cm\/","name":"Qum_466594_120x80cm - Artorient Shop","isPartOf":{"@id":"https:\/\/www.artorient.it\/shop\/#website"},"primaryImageOfPage":{"@id":"https:\/\/www.artorient.it\/shop\/prodotto\/qum_466594_120x80cm\/#primaryimage"},"image":{"@id":"https:\/\/www.artorient.it\/shop\/prodotto\/qum_466594_120x80cm\/#primaryimage"},"thumbnailUrl":"https:\/\/www.artorient.it\/shop\/wp-content\/uploads\/2026\/03\/Qum_466594_120x80cm_1.jpg","datePublished":"2026-03-05T09:41:27+00:00","breadcrumb":{"@id":"https:\/\/www.artorient.it\/shop\/prodotto\/qum_466594_120x80cm\/#breadcrumb"},"inLanguage":"it-IT","potentialAction":[{"@type":"ReadAction","target":["https:\/\/www.artorient.it\/shop\/prodotto\/qum_466594_120x80cm\/"]}]},{"@type":"ImageObject","inLanguage":"it-IT","@id":"https:\/\/www.artorient.it\/shop\/prodotto\/qum_466594_120x80cm\/#primaryimage","url":"https:\/\/www.artorient.it\/shop\/wp-content\/uploads\/2026\/03\/Qum_466594_120x80cm_1.jpg","contentUrl":"https:\/\/www.artorient.it\/shop\/wp-content\/uploads\/2026\/03\/Qum_466594_120x80cm_1.jpg","width":1103,"height":1772},{"@type":"BreadcrumbList","@id":"https:\/\/www.artorient.it\/shop\/prodotto\/qum_466594_120x80cm\/#breadcrumb","itemListElement":[{"@type":"ListItem","position":1,"name":"Home","item":"https:\/\/www.artorient.it\/shop\/"},{"@type":"ListItem","position":2,"name":"Shop","item":"https:\/\/www.artorient.it\/shop\/"},{"@type":"ListItem","position":3,"name":"Qum_466594_120x80cm"}]},{"@type":"WebSite","@id":"https:\/\/www.artorient.it\/shop\/#website","url":"https:\/\/www.artorient.it\/shop\/","name":"Artorient Shop","description":"Artorient \u00e8 pi\u00f9 che l\u2019outlet del tappeto: ampio showroom di tappeti moderni, antichi e orientali, shop online e servizi di lavaggio, restauro e noleggio&quot;","publisher":{"@id":"https:\/\/www.artorient.it\/shop\/#organization"},"alternateName":"Artorient","potentialAction":[{"@type":"SearchAction","target":{"@type":"EntryPoint","urlTemplate":"https:\/\/www.artorient.it\/shop\/?s={search_term_string}"},"query-input":{"@type":"PropertyValueSpecification","valueRequired":true,"valueName":"search_term_string"}}],"inLanguage":"it-IT"},{"@type":"Organization","@id":"https:\/\/www.artorient.it\/shop\/#organization","name":"Artorient Shop","url":"https:\/\/www.artorient.it\/shop\/","logo":{"@type":"ImageObject","inLanguage":"it-IT","@id":"https:\/\/www.artorient.it\/shop\/#\/schema\/logo\/image\/","url":"https:\/\/www.artorient.it\/shop\/wp-content\/uploads\/2020\/02\/logo-1-qi04r5ookbwdz2gtrei4zirph0aurms5mz356ctgrc.png","contentUrl":"https:\/\/www.artorient.it\/shop\/wp-content\/uploads\/2020\/02\/logo-1-qi04r5ookbwdz2gtrei4zirph0aurms5mz356ctgrc.png","width":160,"height":156,"caption":"Artorient Shop"},"image":{"@id":"https:\/\/www.artorient.it\/shop\/#\/schema\/logo\/image\/"},"sameAs":["https:\/\/www.facebook.com\/tappetiartorient\/","https:\/\/www.instagram.com\/artorient.tappeti.outlet\/","https:\/\/www.youtube.com\/@arazihome4986"]}]}},"_links":{"self":[{"href":"https:\/\/www.artorient.it\/shop\/wp-json\/wp\/v2\/product\/18034","targetHints":{"allow":["GET"]}}],"collection":[{"href":"https:\/\/www.artorient.it\/shop\/wp-json\/wp\/v2\/product"}],"about":[{"href":"https:\/\/www.artorient.it\/shop\/wp-json\/wp\/v2\/types\/product"}],"replies":[{"embeddable":true,"href":"https:\/\/www.artorient.it\/shop\/wp-json\/wp\/v2\/comments?post=18034"}],"wp:featuredmedia":[{"embeddable":true,"href":"https:\/\/www.artorient.it\/shop\/wp-json\/wp\/v2\/media\/18035"}],"wp:attachment":[{"href":"https:\/\/www.artorient.it\/shop\/wp-json\/wp\/v2\/media?parent=18034"}],"wp:term":[{"taxonomy":"product_brand","embeddable":true,"href":"https:\/\/www.artorient.it\/shop\/wp-json\/wp\/v2\/product_brand?post=18034"},{"taxonomy":"product_cat","embeddable":true,"href":"https:\/\/www.artorient.it\/shop\/wp-json\/wp\/v2\/product_cat?post=18034"},{"taxonomy":"product_tag","embeddable":true,"href":"https:\/\/www.artorient.it\/shop\/wp-json\/wp\/v2\/product_tag?post=18034"}],"curies":[{"name":"wp","href":"https:\/\/api.w.org\/{rel}","templated":true}]}}